{"id":7657745,"date":"2018-02-21T08:14:51","date_gmt":"2018-02-21T07:14:51","guid":{"rendered":"http:\/\/www.joerglipinski.de\/blog\/?page_id=7657745"},"modified":"2023-08-18T10:17:53","modified_gmt":"2023-08-18T08:17:53","slug":"s04","status":"publish","type":"page","link":"https:\/\/www.joerglipinski.de\/blog\/s04\/","title":{"rendered":"S04&#8230;"},"content":{"rendered":"<p><a href=\"http:\/\/www.animierte-gifs.net\/cat-fussball-165.htm\"><img decoding=\"async\" src=\"http:\/\/www.animierte-gifs.net\/data\/media\/165\/animiertes-fussball-bild-0080.gif\" border=\"0\" alt=\"animiertes-fussball-bild-0080\" \/><\/a><\/p>\n<p><strong>\u00dcber die ganz besondere Liebe zu einem au\u00dfergew\u00f6hnlichen Verein:<\/strong><\/p>\n<p><iframe loading=\"lazy\" width=\"600\" height=\"320\" src=\"https:\/\/www.youtube.com\/embed\/gadpMGjgCtA\" frameborder=\"0\" allow=\"autoplay; encrypted-media\" allowfullscreen><\/iframe><\/p>\n<p><iframe loading=\"lazy\" width=\"600\" height=\"320\" src=\"https:\/\/www.youtube.com\/embed\/4Oj-Juf-4CM\" frameborder=\"0\" allow=\"autoplay; encrypted-media\" allowfullscreen><\/iframe><\/p>\n<p><iframe loading=\"lazy\" width=\"600\" height=\"320\" src=\"https:\/\/www.youtube.com\/embed\/yLh1v4LWhwA\" frameborder=\"0\" allow=\"autoplay; encrypted-media\" allowfullscreen><\/iframe><\/p>\n<p><iframe loading=\"lazy\" width=\"600\" height=\"320\" src=\"https:\/\/www.youtube.com\/embed\/ZRgbnkYFdv0\" frameborder=\"0\" allow=\"autoplay; encrypted-media\" allowfullscreen><\/iframe><\/p>\n<p><iframe loading=\"lazy\" width=\"600\" height=\"320\" src=\"https:\/\/www.youtube.com\/embed\/kmQbw9F7pFM\" frameborder=\"0\" allow=\"autoplay; encrypted-media\" allowfullscreen><\/iframe><\/p>\n<p><iframe loading=\"lazy\" width=\"600\" height=\"320\" src=\"https:\/\/www.youtube.com\/embed\/wCeKM30aNjE\" frameborder=\"0\" allow=\"autoplay; encrypted-media\" allowfullscreen><\/iframe><\/p>\n<p><iframe loading=\"lazy\" width=\"600\" height=\"320\" src=\"https:\/\/www.youtube.com\/embed\/YbtehTOsG3M\" title=\"4:4 im Revierderby - der Wahnsinn im R\u00fcckblick | FC Schalke 04\" frameborder=\"0\" allow=\"accelerometer; autoplay; clipboard-write; encrypted-media; gyroscope; picture-in-picture; web-share\" allowfullscreen><\/iframe><\/p>\n<p><iframe loading=\"lazy\" width=\"600\" height=\"320\" src=\"https:\/\/www.youtube.com\/embed\/hy2gGngZiRM\" title=\"Schalke 04 - Bayern M\u00fcnchen 6:6 n.V. (1984 DFB-Pokal-Halbfinale) 1\/2\" frameborder=\"0\" allow=\"accelerometer; autoplay; clipboard-write; encrypted-media; gyroscope; picture-in-picture; web-share\" allowfullscreen><\/iframe><\/p>\n<p><iframe loading=\"lazy\" width=\"600\" height=\"320\" src=\"https:\/\/www.youtube.com\/embed\/kspzhlvmDUU\" title=\"Schalke 04 - Bayern M\u00fcnchen 6:6 n.V. (1984 DFB-Pokal-Halbfinale) 2\/2\" frameborder=\"0\" allow=\"accelerometer; autoplay; clipboard-write; encrypted-media; gyroscope; picture-in-picture; web-share\" allowfullscreen><\/iframe><\/p>\n<p>to be continued&#8230;<\/p>","protected":false},"excerpt":{"rendered":"<p>\u00dcber die ganz besondere Liebe zu einem au\u00dfergew\u00f6hnlichen Verein: to be continued&#8230;<\/p>\n","protected":false},"author":2,"featured_media":0,"parent":0,"menu_order":0,"comment_status":"closed","ping_status":"closed","template":"","meta":{"footnotes":""},"class_list":["post-7657745","page","type-page","status-publish","hentry"],"_links":{"self":[{"href":"https:\/\/www.joerglipinski.de\/blog\/wp-json\/wp\/v2\/pages\/7657745","targetHints":{"allow":["GET"]}}],"collection":[{"href":"https:\/\/www.joerglipinski.de\/blog\/wp-json\/wp\/v2\/pages"}],"about":[{"href":"https:\/\/www.joerglipinski.de\/blog\/wp-json\/wp\/v2\/types\/page"}],"author":[{"embeddable":true,"href":"https:\/\/www.joerglipinski.de\/blog\/wp-json\/wp\/v2\/users\/2"}],"replies":[{"embeddable":true,"href":"https:\/\/www.joerglipinski.de\/blog\/wp-json\/wp\/v2\/comments?post=7657745"}],"version-history":[{"count":13,"href":"https:\/\/www.joerglipinski.de\/blog\/wp-json\/wp\/v2\/pages\/7657745\/revisions"}],"predecessor-version":[{"id":23385601,"href":"https:\/\/www.joerglipinski.de\/blog\/wp-json\/wp\/v2\/pages\/7657745\/revisions\/23385601"}],"wp:attachment":[{"href":"https:\/\/www.joerglipinski.de\/blog\/wp-json\/wp\/v2\/media?parent=7657745"}],"curies":[{"name":"wp","href":"https:\/\/api.w.org\/{rel}","templated":true}]}}