{"id":9,"date":"2013-05-21T18:39:00","date_gmt":"2013-05-21T16:39:00","guid":{"rendered":"http:\/\/www.joerglipinski.de\/blog\/?page_id=9"},"modified":"2013-11-22T07:49:33","modified_gmt":"2013-11-22T06:49:33","slug":"impressum","status":"publish","type":"page","link":"http:\/\/www.joerglipinski.de\/blog\/impressum\/","title":{"rendered":"Impressum"},"content":{"rendered":"<p><IMG SRC=\"http:\/\/www.joerglipinski.de\/bilder\/Comp.gif\"><\/p>\n<p>Dies ist ein privates Webblog von J\u00f6rg Lipinski aus Gelsenkirchen, Germany.<\/p>\n<p>F\u00fcr diese Seiten gilt folgender <a href=\"http:\/\/www.joerglipinski.de\/blog\/disclaimer\/\" title=\"Disclaimer\">Disclaimer<\/a>.<br \/>\nDie f\u00fcr das Presserecht relevanten Impressumsdaten k\u00f6nnen unter folgender E-Mail-Adresse erfragt werde:<\/p>\n<p>JoergLipinski(at)web.de<\/p>\n<p>Bitte melden Sie sich bei Fragen oder anderen Problemen mit dieser Seite zuerst \u00fcber diese E-Mail-Adresse.<\/p>\n<p>&nbsp;<\/p>","protected":false},"excerpt":{"rendered":"<p>Dies ist ein privates Webblog von J\u00f6rg Lipinski aus Gelsenkirchen, Germany. F\u00fcr diese Seiten gilt folgender Disclaimer. Die f\u00fcr das Presserecht relevanten Impressumsdaten k\u00f6nnen unter folgender E-Mail-Adresse erfragt werde: JoergLipinski(at)web.de Bitte melden Sie sich bei Fragen oder anderen Problemen mit<\/p>\n","protected":false},"author":2,"featured_media":0,"parent":0,"menu_order":0,"comment_status":"closed","ping_status":"open","template":"","meta":{"footnotes":""},"class_list":["post-9","page","type-page","status-publish","hentry"],"_links":{"self":[{"href":"http:\/\/www.joerglipinski.de\/blog\/wp-json\/wp\/v2\/pages\/9","targetHints":{"allow":["GET"]}}],"collection":[{"href":"http:\/\/www.joerglipinski.de\/blog\/wp-json\/wp\/v2\/pages"}],"about":[{"href":"http:\/\/www.joerglipinski.de\/blog\/wp-json\/wp\/v2\/types\/page"}],"author":[{"embeddable":true,"href":"http:\/\/www.joerglipinski.de\/blog\/wp-json\/wp\/v2\/users\/2"}],"replies":[{"embeddable":true,"href":"http:\/\/www.joerglipinski.de\/blog\/wp-json\/wp\/v2\/comments?post=9"}],"version-history":[{"count":12,"href":"http:\/\/www.joerglipinski.de\/blog\/wp-json\/wp\/v2\/pages\/9\/revisions"}],"predecessor-version":[{"id":11380,"href":"http:\/\/www.joerglipinski.de\/blog\/wp-json\/wp\/v2\/pages\/9\/revisions\/11380"}],"wp:attachment":[{"href":"http:\/\/www.joerglipinski.de\/blog\/wp-json\/wp\/v2\/media?parent=9"}],"curies":[{"name":"wp","href":"https:\/\/api.w.org\/{rel}","templated":true}]}}