{"id":2,"date":"2013-05-15T07:02:23","date_gmt":"2013-05-15T07:02:23","guid":{"rendered":"http:\/\/www.joerglipinski.de\/blog\/?page_id=2"},"modified":"2016-02-16T13:11:26","modified_gmt":"2016-02-16T12:11:26","slug":"warum","status":"publish","type":"page","link":"http:\/\/www.joerglipinski.de\/blog\/warum\/","title":{"rendered":"Warum noch ein Blog&#8230;"},"content":{"rendered":"<p>Tja, da bin ich nun auch unter die Blogger gegangen&#8230; aber warum eigentlich?<br \/>\n<CENTER><IMG SRC=\"http:\/\/www.joerglipinski.de\/bilder\/zeitung.gif\"><\/CENTER><br \/>\nNun, nach der anf\u00e4nglichen Begeisterung \u00fcber meine Homepage (die ich seit 2001 betrieben hatte) stellte sich mit der Zeit doch so eine gewisse Routine ein. Es fiel immer mehr ins Gewicht, dass eine solche Seite doch einen gewaltigen Aufwand erfordert. Neue Dateien und Bilder hochladen, Seiten anlegen, alte Dateien wenigstens einigerma\u00dfen aktuell halten und und und&#8230;<\/p>\n<p>Zudem wurde mit dem Umfang auch die Handhabbarkeit immer schwieriger und zeitaufwendiger, von schnell mal eben eingestellten Beitr\u00e4gen ganz abgesehen.Irgendwann kam dann der Zeitpunkt, an dem die Page immer mehr veraltete, die Neuerungen meinerseits wurden seltener, bis dann fast gar nichts mehr ver\u00e4ndert wurde.<\/p>\n<p>Beim gelegentlichen Reinschauen und Neuadministrieren fiel mir dann immer wieder ins Auge, dass sich meine Interessen doch gewaltig mit den Jahren ver\u00e4ndert hatten.<\/p>\n<p>Der aktiv ausge\u00fcbte Radsport, das Programmieren mit Delphi waren (teilweise leider) erheblich in den Hintergrund getreten, das wiederaufgelebte Interesse an meinen Lieblingsvereinen Schalke 04 und den Los Angeles Dodgers kam auf der Homepage noch gar nicht vor.<\/p>\n<p>Es musste etwas passieren, mir blieb eigentlich nur noch die Alternative, die Seite ganz einfach einzustampfen oder etwas v\u00f6llig Neues zu machen&#8230;<br \/>\n<center><a href=\"http:\/\/www.123gif.de\/buero\/\"><img decoding=\"async\" border=\"0\" style=\"border:0;\" src=\"http:\/\/www.123gif.de\/gifs\/buero\/buero-0281.gif\" alt=\"buero-0281.gif von 123gif.de\" \/><\/a><\/center><\/p>\n<p>Nun ja, ich habe mich dann irgendwann f\u00fcr das Neue entschieden. Meine Beweggr\u00fcnde, warum ich mich f\u00fcr einen Blog entschieden habe: <a href=\"http:\/\/www.joerglipinski.de\/blog\/hallo-welt\" title=\"Ich blogge, also bin ich...\">Ich blogge, also bin ich&#8230;<\/a> und <a href=\"http:\/\/www.joerglipinski.de\/blog\/?p=31\u200e\" title=\"weitere Hobbies\">weitere Hobbies<\/a><\/p>\n<p>Ach ja, noch ein paar Infos \u00fcber mich:<br \/>\nMein Name ist J\u00f6rg Lipinski und ich lebe und arbeite in Gelsenkirchen. Seit 1998 bin ich verheiratet und habe mittlerweile zwei Kinder.<\/p>\n<p>Das sollte erst einmal reichen&#8230;<\/p>","protected":false},"excerpt":{"rendered":"<p>Tja, da bin ich nun auch unter die Blogger gegangen&#8230; aber warum eigentlich? Nun, nach der anf\u00e4nglichen Begeisterung \u00fcber meine Homepage (die ich seit 2001 betrieben hatte) stellte sich mit der Zeit doch so eine gewisse Routine ein. Es fiel<\/p>\n","protected":false},"author":2,"featured_media":0,"parent":0,"menu_order":0,"comment_status":"closed","ping_status":"open","template":"","meta":{"footnotes":""},"class_list":["post-2","page","type-page","status-publish","hentry"],"_links":{"self":[{"href":"http:\/\/www.joerglipinski.de\/blog\/wp-json\/wp\/v2\/pages\/2","targetHints":{"allow":["GET"]}}],"collection":[{"href":"http:\/\/www.joerglipinski.de\/blog\/wp-json\/wp\/v2\/pages"}],"about":[{"href":"http:\/\/www.joerglipinski.de\/blog\/wp-json\/wp\/v2\/types\/page"}],"author":[{"embeddable":true,"href":"http:\/\/www.joerglipinski.de\/blog\/wp-json\/wp\/v2\/users\/2"}],"replies":[{"embeddable":true,"href":"http:\/\/www.joerglipinski.de\/blog\/wp-json\/wp\/v2\/comments?post=2"}],"version-history":[{"count":29,"href":"http:\/\/www.joerglipinski.de\/blog\/wp-json\/wp\/v2\/pages\/2\/revisions"}],"predecessor-version":[{"id":2702848,"href":"http:\/\/www.joerglipinski.de\/blog\/wp-json\/wp\/v2\/pages\/2\/revisions\/2702848"}],"wp:attachment":[{"href":"http:\/\/www.joerglipinski.de\/blog\/wp-json\/wp\/v2\/media?parent=2"}],"curies":[{"name":"wp","href":"https:\/\/api.w.org\/{rel}","templated":true}]}}